{"id":13,"date":"2022-12-02T12:50:08","date_gmt":"2022-12-02T15:50:08","guid":{"rendered":"https:\/\/dratalitasantos.alainmkt.com.br\/?page_id=13"},"modified":"2024-08-08T12:10:33","modified_gmt":"2024-08-08T15:10:33","slug":"infeccao","status":"publish","type":"page","link":"https:\/\/urologistarj.com.br\/index.php\/infeccao\/","title":{"rendered":"Infec\u00e7\u00e3o Urin\u00e1ria"},"content":{"rendered":"\t\t<div data-elementor-type=\"wp-page\" data-elementor-id=\"13\" class=\"elementor elementor-13\">\n\t\t\t\t\t\t\t<div class=\"elementor-element elementor-element-216490a3 e-flex e-con-boxed e-con\" data-id=\"216490a3\" data-element_type=\"container\" data-settings=\"{&quot;background_background&quot;:&quot;classic&quot;,&quot;content_width&quot;:&quot;boxed&quot;}\">\n\t\t\t\t\t<div class=\"e-con-inner\">\n\t\t<div class=\"elementor-element elementor-element-6a8f0ed4 e-con-full e-flex e-con\" data-id=\"6a8f0ed4\" data-element_type=\"container\" data-settings=\"{&quot;content_width&quot;:&quot;full&quot;}\">\n\t\t\t\t<div class=\"elementor-element elementor-element-222379ff elementor-widget__width-initial elementor-widget-mobile__width-initial elementor-widget elementor-widget-heading\" data-id=\"222379ff\" data-element_type=\"widget\" data-widget_type=\"heading.default\">\n\t\t\t\t<div class=\"elementor-widget-container\">\n\t\t\t<style>\/*! elementor - v3.14.0 - 26-06-2023 *\/\n.elementor-heading-title{padding:0;margin:0;line-height:1}.elementor-widget-heading .elementor-heading-title[class*=elementor-size-]>a{color:inherit;font-size:inherit;line-height:inherit}.elementor-widget-heading .elementor-heading-title.elementor-size-small{font-size:15px}.elementor-widget-heading .elementor-heading-title.elementor-size-medium{font-size:19px}.elementor-widget-heading .elementor-heading-title.elementor-size-large{font-size:29px}.elementor-widget-heading .elementor-heading-title.elementor-size-xl{font-size:39px}.elementor-widget-heading .elementor-heading-title.elementor-size-xxl{font-size:59px}<\/style><h2 class=\"elementor-heading-title elementor-size-default\">Tratamento para Infec\u00e7\u00e3o urin\u00e1ria<\/h2>\t\t<\/div>\n\t\t\t\t<\/div>\n\t\t\t\t<\/div>\n\t\t\t\t\t<\/div>\n\t\t\t\t<\/div>\n\t\t<div class=\"elementor-element elementor-element-20f1a2e e-flex e-con-boxed e-con\" data-id=\"20f1a2e\" data-element_type=\"container\" data-settings=\"{&quot;content_width&quot;:&quot;boxed&quot;}\">\n\t\t\t\t\t<div class=\"e-con-inner\">\n\t\t<div class=\"elementor-element elementor-element-baca056 e-con-full e-flex e-con\" data-id=\"baca056\" data-element_type=\"container\" data-settings=\"{&quot;content_width&quot;:&quot;full&quot;}\">\n\t\t\t\t<div class=\"elementor-element elementor-element-155f65f elementor-widget elementor-widget-toggle\" data-id=\"155f65f\" data-element_type=\"widget\" data-widget_type=\"toggle.default\">\n\t\t\t\t<div class=\"elementor-widget-container\">\n\t\t\t<style>\/*! elementor - v3.14.0 - 26-06-2023 *\/\n.elementor-toggle{text-align:left}.elementor-toggle .elementor-tab-title{font-weight:700;line-height:1;margin:0;padding:15px;border-bottom:1px solid #d5d8dc;cursor:pointer;outline:none}.elementor-toggle .elementor-tab-title .elementor-toggle-icon{display:inline-block;width:1em}.elementor-toggle .elementor-tab-title .elementor-toggle-icon svg{-webkit-margin-start:-5px;margin-inline-start:-5px;width:1em;height:1em}.elementor-toggle .elementor-tab-title .elementor-toggle-icon.elementor-toggle-icon-right{float:right;text-align:right}.elementor-toggle .elementor-tab-title .elementor-toggle-icon.elementor-toggle-icon-left{float:left;text-align:left}.elementor-toggle .elementor-tab-title .elementor-toggle-icon .elementor-toggle-icon-closed{display:block}.elementor-toggle .elementor-tab-title .elementor-toggle-icon .elementor-toggle-icon-opened{display:none}.elementor-toggle .elementor-tab-title.elementor-active{border-bottom:none}.elementor-toggle .elementor-tab-title.elementor-active .elementor-toggle-icon-closed{display:none}.elementor-toggle .elementor-tab-title.elementor-active .elementor-toggle-icon-opened{display:block}.elementor-toggle .elementor-tab-content{padding:15px;border-bottom:1px solid #d5d8dc;display:none}@media (max-width:767px){.elementor-toggle .elementor-tab-title{padding:12px}.elementor-toggle .elementor-tab-content{padding:12px 10px}}.e-con-inner>.elementor-widget-toggle,.e-con>.elementor-widget-toggle{width:var(--container-widget-width);--flex-grow:var(--container-widget-flex-grow)}<\/style>\t\t<div class=\"elementor-toggle\">\n\t\t\t\t\t\t\t<div class=\"elementor-toggle-item\">\n\t\t\t\t\t<div id=\"elementor-tab-title-2241\" class=\"elementor-tab-title\" data-tab=\"1\" role=\"button\" aria-controls=\"elementor-tab-content-2241\" aria-expanded=\"false\">\n\t\t\t\t\t\t\t\t\t\t\t\t<span class=\"elementor-toggle-icon elementor-toggle-icon-left\" aria-hidden=\"true\">\n\t\t\t\t\t\t\t\t\t\t\t\t\t\t\t<span class=\"elementor-toggle-icon-closed\"><i class=\"fas fa-caret-right\"><\/i><\/span>\n\t\t\t\t\t\t\t\t<span class=\"elementor-toggle-icon-opened\"><i class=\"elementor-toggle-icon-opened fas fa-caret-up\"><\/i><\/span>\n\t\t\t\t\t\t\t\t\t\t\t\t\t<\/span>\n\t\t\t\t\t\t\t\t\t\t\t\t<a class=\"elementor-toggle-title\" tabindex=\"0\">O que \u00e9<\/a>\n\t\t\t\t\t<\/div>\n\n\t\t\t\t\t<div id=\"elementor-tab-content-2241\" class=\"elementor-tab-content elementor-clearfix\" data-tab=\"1\" role=\"region\" aria-labelledby=\"elementor-tab-title-2241\"><p>Uma infec\u00e7\u00e3o do trato urin\u00e1rio (ITU) \u00e9 uma infec\u00e7\u00e3o que afeta qualquer parte do trato urin\u00e1rio, que inclui os rins, os ureteres, a bexiga e a uretra.<\/p><\/div>\n\t\t\t\t<\/div>\n\t\t\t\t\t\t\t<div class=\"elementor-toggle-item\">\n\t\t\t\t\t<div id=\"elementor-tab-title-2242\" class=\"elementor-tab-title\" data-tab=\"2\" role=\"button\" aria-controls=\"elementor-tab-content-2242\" aria-expanded=\"false\">\n\t\t\t\t\t\t\t\t\t\t\t\t<span class=\"elementor-toggle-icon elementor-toggle-icon-left\" aria-hidden=\"true\">\n\t\t\t\t\t\t\t\t\t\t\t\t\t\t\t<span class=\"elementor-toggle-icon-closed\"><i class=\"fas fa-caret-right\"><\/i><\/span>\n\t\t\t\t\t\t\t\t<span class=\"elementor-toggle-icon-opened\"><i class=\"elementor-toggle-icon-opened fas fa-caret-up\"><\/i><\/span>\n\t\t\t\t\t\t\t\t\t\t\t\t\t<\/span>\n\t\t\t\t\t\t\t\t\t\t\t\t<a class=\"elementor-toggle-title\" tabindex=\"0\">Principais Sintomas<\/a>\n\t\t\t\t\t<\/div>\n\n\t\t\t\t\t<div id=\"elementor-tab-content-2242\" class=\"elementor-tab-content elementor-clearfix\" data-tab=\"2\" role=\"region\" aria-labelledby=\"elementor-tab-title-2242\"><ul><li>Dor ao urinar<\/li><li>Vontade frequente de urinar<\/li><li>Dificuldade de urinar<\/li><li>Urina turva ou malcheirosa<\/li><li>Sangue na urina<\/li><li>N\u00e1usea e v\u00f4mito<\/li><\/ul><\/div>\n\t\t\t\t<\/div>\n\t\t\t\t\t\t\t<div class=\"elementor-toggle-item\">\n\t\t\t\t\t<div id=\"elementor-tab-title-2243\" class=\"elementor-tab-title\" data-tab=\"3\" role=\"button\" aria-controls=\"elementor-tab-content-2243\" aria-expanded=\"false\">\n\t\t\t\t\t\t\t\t\t\t\t\t<span class=\"elementor-toggle-icon elementor-toggle-icon-left\" aria-hidden=\"true\">\n\t\t\t\t\t\t\t\t\t\t\t\t\t\t\t<span class=\"elementor-toggle-icon-closed\"><i class=\"fas fa-caret-right\"><\/i><\/span>\n\t\t\t\t\t\t\t\t<span class=\"elementor-toggle-icon-opened\"><i class=\"elementor-toggle-icon-opened fas fa-caret-up\"><\/i><\/span>\n\t\t\t\t\t\t\t\t\t\t\t\t\t<\/span>\n\t\t\t\t\t\t\t\t\t\t\t\t<a class=\"elementor-toggle-title\" tabindex=\"0\">Diagn\u00f3stico<\/a>\n\t\t\t\t\t<\/div>\n\n\t\t\t\t\t<div id=\"elementor-tab-content-2243\" class=\"elementor-tab-content elementor-clearfix\" data-tab=\"3\" role=\"region\" aria-labelledby=\"elementor-tab-title-2243\"><p>O diagn\u00f3stico de uma ITU geralmente \u00e9 feito com base nos sintomas do paciente e nos resultados de um exame f\u00edsico. O m\u00e9dico pode pedir testes de urina para verificar a presen\u00e7a de bact\u00e9rias. Em alguns casos, o m\u00e9dico pode solicitar exames de imagem, como ultrassonografia, tomografia computadorizada ou resson\u00e2ncia magn\u00e9tica, para descartar outras condi\u00e7\u00f5es m\u00e9dicas.<\/p><\/div>\n\t\t\t\t<\/div>\n\t\t\t\t\t\t\t<div class=\"elementor-toggle-item\">\n\t\t\t\t\t<div id=\"elementor-tab-title-2244\" class=\"elementor-tab-title\" data-tab=\"4\" role=\"button\" aria-controls=\"elementor-tab-content-2244\" aria-expanded=\"false\">\n\t\t\t\t\t\t\t\t\t\t\t\t<span class=\"elementor-toggle-icon elementor-toggle-icon-left\" aria-hidden=\"true\">\n\t\t\t\t\t\t\t\t\t\t\t\t\t\t\t<span class=\"elementor-toggle-icon-closed\"><i class=\"fas fa-caret-right\"><\/i><\/span>\n\t\t\t\t\t\t\t\t<span class=\"elementor-toggle-icon-opened\"><i class=\"elementor-toggle-icon-opened fas fa-caret-up\"><\/i><\/span>\n\t\t\t\t\t\t\t\t\t\t\t\t\t<\/span>\n\t\t\t\t\t\t\t\t\t\t\t\t<a class=\"elementor-toggle-title\" tabindex=\"0\">Tratamento<\/a>\n\t\t\t\t\t<\/div>\n\n\t\t\t\t\t<div id=\"elementor-tab-content-2244\" class=\"elementor-tab-content elementor-clearfix\" data-tab=\"4\" role=\"region\" aria-labelledby=\"elementor-tab-title-2244\"><p>O tratamento de uma ITU geralmente envolve o uso de antibi\u00f3ticos. Os antibi\u00f3ticos devem ser tomados por pelo menos 7 dias, mesmo que os sintomas desapare\u00e7am antes disso. Em casos de ITU leve, o m\u00e9dico pode recomendar o uso de medicamentos de venda livre, como analg\u00e9sicos e antiespasm\u00f3dicos.<\/p><\/div>\n\t\t\t\t<\/div>\n\t\t\t\t\t\t\t<div class=\"elementor-toggle-item\">\n\t\t\t\t\t<div id=\"elementor-tab-title-2245\" class=\"elementor-tab-title\" data-tab=\"5\" role=\"button\" aria-controls=\"elementor-tab-content-2245\" aria-expanded=\"false\">\n\t\t\t\t\t\t\t\t\t\t\t\t<span class=\"elementor-toggle-icon elementor-toggle-icon-left\" aria-hidden=\"true\">\n\t\t\t\t\t\t\t\t\t\t\t\t\t\t\t<span class=\"elementor-toggle-icon-closed\"><i class=\"fas fa-caret-right\"><\/i><\/span>\n\t\t\t\t\t\t\t\t<span class=\"elementor-toggle-icon-opened\"><i class=\"elementor-toggle-icon-opened fas fa-caret-up\"><\/i><\/span>\n\t\t\t\t\t\t\t\t\t\t\t\t\t<\/span>\n\t\t\t\t\t\t\t\t\t\t\t\t<a class=\"elementor-toggle-title\" tabindex=\"0\">Preven\u00e7\u00e3o<\/a>\n\t\t\t\t\t<\/div>\n\n\t\t\t\t\t<div id=\"elementor-tab-content-2245\" class=\"elementor-tab-content elementor-clearfix\" data-tab=\"5\" role=\"region\" aria-labelledby=\"elementor-tab-title-2245\"><p>Existem algumas coisas que voc\u00ea pode fazer para reduzir o risco de ITU, incluindo:<\/p><ul><li>Beber bastante l\u00edquido, pelo menos 2 litros por dia<\/li><li>Evitar o consumo de \u00e1lcool e cafe\u00edna<\/li><li>Urinar com frequ\u00eancia<\/li><li>Limpar a regi\u00e3o genital de frente para tr\u00e1s ap\u00f3s ir ao banheiro<\/li><li>Usar roupas \u00edntimas de algod\u00e3o<\/li><li>Evitar rela\u00e7\u00f5es sexuais durante uma infec\u00e7\u00e3o do trato urin\u00e1rio (ITU)<\/li><\/ul><\/div>\n\t\t\t\t<\/div>\n\t\t\t\t\t\t\t\t<\/div>\n\t\t\t\t<\/div>\n\t\t\t\t<\/div>\n\t\t\t\t<\/div>\n\t\t<div class=\"elementor-element elementor-element-82df823 e-con-full e-flex e-con\" data-id=\"82df823\" data-element_type=\"container\" data-settings=\"{&quot;content_width&quot;:&quot;full&quot;}\">\n\t\t\t\t<div class=\"elementor-element elementor-element-8bb2ab1 elementor-widget elementor-widget-image\" data-id=\"8bb2ab1\" data-element_type=\"widget\" data-widget_type=\"image.default\">\n\t\t\t\t<div class=\"elementor-widget-container\">\n\t\t\t<style>\/*! elementor - v3.14.0 - 26-06-2023 *\/\n.elementor-widget-image{text-align:center}.elementor-widget-image a{display:inline-block}.elementor-widget-image a img[src$=\".svg\"]{width:48px}.elementor-widget-image img{vertical-align:middle;display:inline-block}<\/style>\t\t\t\t\t\t\t\t\t\t\t\t<img decoding=\"async\" width=\"800\" height=\"531\" src=\"https:\/\/urologistarj.com.br\/wp-content\/uploads\/2023\/07\/itu-1024x680.png\" class=\"attachment-large size-large wp-image-1355\" alt=\"\" loading=\"lazy\" srcset=\"https:\/\/urologistarj.com.br\/wp-content\/uploads\/2023\/07\/itu-1024x680.png 1024w, https:\/\/urologistarj.com.br\/wp-content\/uploads\/2023\/07\/itu-300x199.png 300w, https:\/\/urologistarj.com.br\/wp-content\/uploads\/2023\/07\/itu-768x510.png 768w, https:\/\/urologistarj.com.br\/wp-content\/uploads\/2023\/07\/itu.png 1048w\" sizes=\"(max-width: 800px) 100vw, 800px\" \/>\t\t\t\t\t\t\t\t\t\t\t\t\t\t\t<\/div>\n\t\t\t\t<\/div>\n\t\t\t\t<\/div>\n\t\t\t\t\t<\/div>\n\t\t\t\t<\/div>\n\t\t<div class=\"elementor-element elementor-element-55da992a e-flex e-con-boxed e-con\" data-id=\"55da992a\" data-element_type=\"container\" data-settings=\"{&quot;content_width&quot;:&quot;boxed&quot;}\">\n\t\t\t\t\t<div class=\"e-con-inner\">\n\t\t\t\t<div class=\"elementor-element elementor-element-2565f34b elementor-widget elementor-widget-text-editor\" data-id=\"2565f34b\" data-element_type=\"widget\" data-widget_type=\"text-editor.default\">\n\t\t\t\t<div class=\"elementor-widget-container\">\n\t\t\t<style>\/*! elementor - v3.14.0 - 26-06-2023 *\/\n.elementor-widget-text-editor.elementor-drop-cap-view-stacked .elementor-drop-cap{background-color:#69727d;color:#fff}.elementor-widget-text-editor.elementor-drop-cap-view-framed .elementor-drop-cap{color:#69727d;border:3px solid;background-color:transparent}.elementor-widget-text-editor:not(.elementor-drop-cap-view-default) .elementor-drop-cap{margin-top:8px}.elementor-widget-text-editor:not(.elementor-drop-cap-view-default) .elementor-drop-cap-letter{width:1em;height:1em}.elementor-widget-text-editor .elementor-drop-cap{float:left;text-align:center;line-height:1;font-size:50px}.elementor-widget-text-editor .elementor-drop-cap-letter{display:inline-block}<\/style>\t\t\t\t<p>\u00c9 importante notar que este \u00e9 apenas um resumo do tratamento para infec\u00e7\u00e3o urin\u00e1ria. <br \/>O Dr. Henrique ter\u00e1 um prazer em receb\u00ea-lo(a) e poder\u00e1 fornecer mais informa\u00e7\u00f5es sobre o tratamento.<\/p>\t\t\t\t\t\t<\/div>\n\t\t\t\t<\/div>\n\t\t\t\t\t<\/div>\n\t\t\t\t<\/div>\n\t\t<div class=\"elementor-element elementor-element-43b4c1fe e-flex e-con-boxed e-con\" data-id=\"43b4c1fe\" data-element_type=\"container\" data-settings=\"{&quot;background_background&quot;:&quot;classic&quot;,&quot;content_width&quot;:&quot;boxed&quot;}\">\n\t\t\t\t\t<div class=\"e-con-inner\">\n\t\t\t\t<div class=\"elementor-element elementor-element-60c15b88 elementor-align-center elementor-widget elementor-widget-button\" data-id=\"60c15b88\" data-element_type=\"widget\" data-widget_type=\"button.default\">\n\t\t\t\t<div class=\"elementor-widget-container\">\n\t\t\t\t\t<div class=\"elementor-button-wrapper\">\n\t\t\t<a class=\"elementor-button elementor-button-link elementor-size-sm elementor-animation-grow\" href=\"https:\/\/api.whatsapp.com\/send\/?phone=5521977159000&#038;text=Ol%C3%A1%2C+gostaria+de+marcar+uma+consulta+com+o+Dr.+Henrique+Machado&#038;type=phone_number&#038;app_absent=0\">\n\t\t\t\t\t\t<span class=\"elementor-button-content-wrapper\">\n\t\t\t\t\t\t<span class=\"elementor-button-text\">Agendar Consulta<\/span>\n\t\t<\/span>\n\t\t\t\t\t<\/a>\n\t\t<\/div>\n\t\t\t\t<\/div>\n\t\t\t\t<\/div>\n\t\t\t\t\t<\/div>\n\t\t\t\t<\/div>\n\t\t<div class=\"elementor-element elementor-element-1da690d1 e-flex e-con-boxed e-con\" data-id=\"1da690d1\" data-element_type=\"container\" data-settings=\"{&quot;content_width&quot;:&quot;boxed&quot;}\">\n\t\t\t\t\t<div class=\"e-con-inner\">\n\t\t<div class=\"elementor-element elementor-element-524d7f7a e-con-full e-flex e-con\" data-id=\"524d7f7a\" data-element_type=\"container\" data-settings=\"{&quot;content_width&quot;:&quot;full&quot;}\">\n\t\t\t\t<div class=\"elementor-element elementor-element-29092c7c elementor-widget elementor-widget-image\" data-id=\"29092c7c\" data-element_type=\"widget\" data-widget_type=\"image.default\">\n\t\t\t\t<div class=\"elementor-widget-container\">\n\t\t\t\t\t\t\t\t\t\t\t\t\t\t\t<img decoding=\"async\" width=\"1066\" height=\"1600\" src=\"https:\/\/urologistarj.com.br\/wp-content\/uploads\/2024\/08\/Imagem-do-WhatsApp-de-2024-08-08-as-07.53.07_77bee2c1.jpg\" class=\"attachment-full size-full wp-image-2137\" alt=\"\" loading=\"lazy\" srcset=\"https:\/\/urologistarj.com.br\/wp-content\/uploads\/2024\/08\/Imagem-do-WhatsApp-de-2024-08-08-as-07.53.07_77bee2c1.jpg 1066w, https:\/\/urologistarj.com.br\/wp-content\/uploads\/2024\/08\/Imagem-do-WhatsApp-de-2024-08-08-as-07.53.07_77bee2c1-200x300.jpg 200w, https:\/\/urologistarj.com.br\/wp-content\/uploads\/2024\/08\/Imagem-do-WhatsApp-de-2024-08-08-as-07.53.07_77bee2c1-682x1024.jpg 682w, https:\/\/urologistarj.com.br\/wp-content\/uploads\/2024\/08\/Imagem-do-WhatsApp-de-2024-08-08-as-07.53.07_77bee2c1-768x1153.jpg 768w, https:\/\/urologistarj.com.br\/wp-content\/uploads\/2024\/08\/Imagem-do-WhatsApp-de-2024-08-08-as-07.53.07_77bee2c1-1023x1536.jpg 1023w\" sizes=\"(max-width: 1066px) 100vw, 1066px\" \/>\t\t\t\t\t\t\t\t\t\t\t\t\t\t\t<\/div>\n\t\t\t\t<\/div>\n\t\t\t\t<\/div>\n\t\t<div class=\"elementor-element elementor-element-7558abe e-con-full e-flex e-con\" data-id=\"7558abe\" data-element_type=\"container\" data-settings=\"{&quot;content_width&quot;:&quot;full&quot;}\">\n\t\t\t\t<div class=\"elementor-element elementor-element-2e6ca0e elementor-widget elementor-widget-heading\" data-id=\"2e6ca0e\" data-element_type=\"widget\" data-widget_type=\"heading.default\">\n\t\t\t\t<div class=\"elementor-widget-container\">\n\t\t\t<h2 class=\"elementor-heading-title elementor-size-default\">Sobre o Doutor <\/h2>\t\t<\/div>\n\t\t\t\t<\/div>\n\t\t\t\t<div class=\"elementor-element elementor-element-753ad2a elementor-widget elementor-widget-text-editor\" data-id=\"753ad2a\" data-element_type=\"widget\" data-widget_type=\"text-editor.default\">\n\t\t\t\t<div class=\"elementor-widget-container\">\n\t\t\t\t\t\t\t<p>Dr. Henique Machado \u00e9 um urologista experiente e certificado que oferece atendimento emp\u00e1tico a homens, mulheres e crian\u00e7as. Utiliza os m\u00e9todos\u00a0 mais atualizados e eficazes para obter os melhores resultados em cada caso.<\/p><p>O Dr. Henrique Machado \u00e9 um profissional dedicado que se preocupa com o bem-estar de seus pacientes. Ele est\u00e1 sempre disposto a ouvir e responder \u00e0s perguntas, e garante que seus pacientes recebam o melhor atendimento poss\u00edvel.<\/p>\t\t\t\t\t\t<\/div>\n\t\t\t\t<\/div>\n\t\t\t\t<\/div>\n\t\t\t\t\t<\/div>\n\t\t\t\t<\/div>\n\t\t\t\t\t\t\t<\/div>\n\t\t","protected":false},"excerpt":{"rendered":"<p>Tratamento para Infec\u00e7\u00e3o urin\u00e1ria O que \u00e9 Uma infec\u00e7\u00e3o do trato urin\u00e1rio (ITU) \u00e9 uma infec\u00e7\u00e3o que afeta qualquer parte do trato urin\u00e1rio, que inclui os rins, os ureteres, a bexiga e a uretra. Principais Sintomas Dor ao urinar Vontade frequente de urinar Dificuldade de urinar Urina turva ou malcheirosa Sangue na urina N\u00e1usea e [&hellip;]<\/p>\n","protected":false},"author":2,"featured_media":0,"parent":0,"menu_order":0,"comment_status":"closed","ping_status":"closed","template":"elementor_header_footer","meta":[],"yoast_head":"<!-- This site is optimized with the Yoast SEO plugin v20.12 - https:\/\/yoast.com\/wordpress\/plugins\/seo\/ -->\n<title>Infec\u00e7\u00e3o Urin\u00e1ria - Dr. Henrique Machado - Urologista<\/title>\n<meta name=\"robots\" content=\"index, follow, max-snippet:-1, max-image-preview:large, max-video-preview:-1\" \/>\n<link rel=\"canonical\" href=\"https:\/\/urologistarj.com.br\/index.php\/infeccao\/\" \/>\n<meta property=\"og:locale\" content=\"pt_BR\" \/>\n<meta property=\"og:type\" content=\"article\" \/>\n<meta property=\"og:title\" content=\"Infec\u00e7\u00e3o Urin\u00e1ria - Dr. Henrique Machado - Urologista\" \/>\n<meta property=\"og:description\" content=\"Tratamento para Infec\u00e7\u00e3o urin\u00e1ria O que \u00e9 Uma infec\u00e7\u00e3o do trato urin\u00e1rio (ITU) \u00e9 uma infec\u00e7\u00e3o que afeta qualquer parte do trato urin\u00e1rio, que inclui os rins, os ureteres, a bexiga e a uretra. Principais Sintomas Dor ao urinar Vontade frequente de urinar Dificuldade de urinar Urina turva ou malcheirosa Sangue na urina N\u00e1usea e [&hellip;]\" \/>\n<meta property=\"og:url\" content=\"https:\/\/urologistarj.com.br\/index.php\/infeccao\/\" \/>\n<meta property=\"og:site_name\" content=\"Dr. Henrique Machado - Urologista\" \/>\n<meta property=\"article:modified_time\" content=\"2024-08-08T15:10:33+00:00\" \/>\n<meta property=\"og:image\" content=\"https:\/\/urologistarj.com.br\/wp-content\/uploads\/2023\/07\/itu-1024x680.png\" \/>\n<meta name=\"twitter:card\" content=\"summary_large_image\" \/>\n<script type=\"application\/ld+json\" class=\"yoast-schema-graph\">{\"@context\":\"https:\/\/schema.org\",\"@graph\":[{\"@type\":\"WebPage\",\"@id\":\"https:\/\/urologistarj.com.br\/index.php\/infeccao\/\",\"url\":\"https:\/\/urologistarj.com.br\/index.php\/infeccao\/\",\"name\":\"Infec\u00e7\u00e3o Urin\u00e1ria - Dr. Henrique Machado - Urologista\",\"isPartOf\":{\"@id\":\"https:\/\/urologistarj.com.br\/#website\"},\"datePublished\":\"2022-12-02T15:50:08+00:00\",\"dateModified\":\"2024-08-08T15:10:33+00:00\",\"breadcrumb\":{\"@id\":\"https:\/\/urologistarj.com.br\/index.php\/infeccao\/#breadcrumb\"},\"inLanguage\":\"pt-BR\",\"potentialAction\":[{\"@type\":\"ReadAction\",\"target\":[\"https:\/\/urologistarj.com.br\/index.php\/infeccao\/\"]}]},{\"@type\":\"BreadcrumbList\",\"@id\":\"https:\/\/urologistarj.com.br\/index.php\/infeccao\/#breadcrumb\",\"itemListElement\":[{\"@type\":\"ListItem\",\"position\":1,\"name\":\"In\u00edcio\",\"item\":\"https:\/\/urologistarj.com.br\/\"},{\"@type\":\"ListItem\",\"position\":2,\"name\":\"Infec\u00e7\u00e3o Urin\u00e1ria\"}]},{\"@type\":\"WebSite\",\"@id\":\"https:\/\/urologistarj.com.br\/#website\",\"url\":\"https:\/\/urologistarj.com.br\/\",\"name\":\"Dr. Henrique Machado - Urologista\",\"description\":\"Dr. Henrique Machado - Urologista\",\"publisher\":{\"@id\":\"https:\/\/urologistarj.com.br\/#organization\"},\"potentialAction\":[{\"@type\":\"SearchAction\",\"target\":{\"@type\":\"EntryPoint\",\"urlTemplate\":\"https:\/\/urologistarj.com.br\/?s={search_term_string}\"},\"query-input\":\"required name=search_term_string\"}],\"inLanguage\":\"pt-BR\"},{\"@type\":\"Organization\",\"@id\":\"https:\/\/urologistarj.com.br\/#organization\",\"name\":\"Dr. Henrique Machado - Urologista\",\"url\":\"https:\/\/urologistarj.com.br\/\",\"logo\":{\"@type\":\"ImageObject\",\"inLanguage\":\"pt-BR\",\"@id\":\"https:\/\/urologistarj.com.br\/#\/schema\/logo\/image\/\",\"url\":\"https:\/\/urologistarj.com.br\/wp-content\/uploads\/2022\/12\/henrique-machado-logo-vertical.png\",\"contentUrl\":\"https:\/\/urologistarj.com.br\/wp-content\/uploads\/2022\/12\/henrique-machado-logo-vertical.png\",\"width\":2757,\"height\":1592,\"caption\":\"Dr. Henrique Machado - Urologista\"},\"image\":{\"@id\":\"https:\/\/urologistarj.com.br\/#\/schema\/logo\/image\/\"}}]}<\/script>\n<!-- \/ Yoast SEO plugin. -->","yoast_head_json":{"title":"Infec\u00e7\u00e3o Urin\u00e1ria - Dr. Henrique Machado - Urologista","robots":{"index":"index","follow":"follow","max-snippet":"max-snippet:-1","max-image-preview":"max-image-preview:large","max-video-preview":"max-video-preview:-1"},"canonical":"https:\/\/urologistarj.com.br\/index.php\/infeccao\/","og_locale":"pt_BR","og_type":"article","og_title":"Infec\u00e7\u00e3o Urin\u00e1ria - Dr. Henrique Machado - Urologista","og_description":"Tratamento para Infec\u00e7\u00e3o urin\u00e1ria O que \u00e9 Uma infec\u00e7\u00e3o do trato urin\u00e1rio (ITU) \u00e9 uma infec\u00e7\u00e3o que afeta qualquer parte do trato urin\u00e1rio, que inclui os rins, os ureteres, a bexiga e a uretra. Principais Sintomas Dor ao urinar Vontade frequente de urinar Dificuldade de urinar Urina turva ou malcheirosa Sangue na urina N\u00e1usea e [&hellip;]","og_url":"https:\/\/urologistarj.com.br\/index.php\/infeccao\/","og_site_name":"Dr. Henrique Machado - Urologista","article_modified_time":"2024-08-08T15:10:33+00:00","og_image":[{"url":"https:\/\/urologistarj.com.br\/wp-content\/uploads\/2023\/07\/itu-1024x680.png"}],"twitter_card":"summary_large_image","schema":{"@context":"https:\/\/schema.org","@graph":[{"@type":"WebPage","@id":"https:\/\/urologistarj.com.br\/index.php\/infeccao\/","url":"https:\/\/urologistarj.com.br\/index.php\/infeccao\/","name":"Infec\u00e7\u00e3o Urin\u00e1ria - Dr. Henrique Machado - Urologista","isPartOf":{"@id":"https:\/\/urologistarj.com.br\/#website"},"datePublished":"2022-12-02T15:50:08+00:00","dateModified":"2024-08-08T15:10:33+00:00","breadcrumb":{"@id":"https:\/\/urologistarj.com.br\/index.php\/infeccao\/#breadcrumb"},"inLanguage":"pt-BR","potentialAction":[{"@type":"ReadAction","target":["https:\/\/urologistarj.com.br\/index.php\/infeccao\/"]}]},{"@type":"BreadcrumbList","@id":"https:\/\/urologistarj.com.br\/index.php\/infeccao\/#breadcrumb","itemListElement":[{"@type":"ListItem","position":1,"name":"In\u00edcio","item":"https:\/\/urologistarj.com.br\/"},{"@type":"ListItem","position":2,"name":"Infec\u00e7\u00e3o Urin\u00e1ria"}]},{"@type":"WebSite","@id":"https:\/\/urologistarj.com.br\/#website","url":"https:\/\/urologistarj.com.br\/","name":"Dr. Henrique Machado - Urologista","description":"Dr. Henrique Machado - Urologista","publisher":{"@id":"https:\/\/urologistarj.com.br\/#organization"},"potentialAction":[{"@type":"SearchAction","target":{"@type":"EntryPoint","urlTemplate":"https:\/\/urologistarj.com.br\/?s={search_term_string}"},"query-input":"required name=search_term_string"}],"inLanguage":"pt-BR"},{"@type":"Organization","@id":"https:\/\/urologistarj.com.br\/#organization","name":"Dr. Henrique Machado - Urologista","url":"https:\/\/urologistarj.com.br\/","logo":{"@type":"ImageObject","inLanguage":"pt-BR","@id":"https:\/\/urologistarj.com.br\/#\/schema\/logo\/image\/","url":"https:\/\/urologistarj.com.br\/wp-content\/uploads\/2022\/12\/henrique-machado-logo-vertical.png","contentUrl":"https:\/\/urologistarj.com.br\/wp-content\/uploads\/2022\/12\/henrique-machado-logo-vertical.png","width":2757,"height":1592,"caption":"Dr. Henrique Machado - Urologista"},"image":{"@id":"https:\/\/urologistarj.com.br\/#\/schema\/logo\/image\/"}}]}},"_links":{"self":[{"href":"https:\/\/urologistarj.com.br\/index.php\/wp-json\/wp\/v2\/pages\/13"}],"collection":[{"href":"https:\/\/urologistarj.com.br\/index.php\/wp-json\/wp\/v2\/pages"}],"about":[{"href":"https:\/\/urologistarj.com.br\/index.php\/wp-json\/wp\/v2\/types\/page"}],"author":[{"embeddable":true,"href":"https:\/\/urologistarj.com.br\/index.php\/wp-json\/wp\/v2\/users\/2"}],"replies":[{"embeddable":true,"href":"https:\/\/urologistarj.com.br\/index.php\/wp-json\/wp\/v2\/comments?post=13"}],"version-history":[{"count":109,"href":"https:\/\/urologistarj.com.br\/index.php\/wp-json\/wp\/v2\/pages\/13\/revisions"}],"predecessor-version":[{"id":2167,"href":"https:\/\/urologistarj.com.br\/index.php\/wp-json\/wp\/v2\/pages\/13\/revisions\/2167"}],"wp:attachment":[{"href":"https:\/\/urologistarj.com.br\/index.php\/wp-json\/wp\/v2\/media?parent=13"}],"curies":[{"name":"wp","href":"https:\/\/api.w.org\/{rel}","templated":true}]}}